{"id":739,"date":"2013-10-04T12:25:26","date_gmt":"2013-10-04T10:25:26","guid":{"rendered":"http:\/\/cpr.localhost\/?page_id=739"},"modified":"2013-10-04T12:25:26","modified_gmt":"2013-10-04T10:25:26","slug":"administracion-y-finanzas-1o-curso-loe-2o-curso-loxse","status":"publish","type":"page","link":"https:\/\/cpr.staging.afundacion.org\/inicio\/oferta-educativa\/administracion-y-finanzas-1o-curso-loe-2o-curso-loxse\/","title":{"rendered":"ADMINISTRACI\u00d3N Y FINANZAS (1\u00ba Curso LOE \u2013 2\u00ba Curso LOXSE)"},"content":{"rendered":"<p><strong>ADMINISTRACI\u00d3N Y FINANZAS (1\u00ba Curso LOE \u2013 2\u00ba Curso LOXSE)<br \/>\n<\/strong><\/p>\n<p><strong>Duraci\u00f3n:<\/strong>\u00a02000 horas. (1.620 horas de clase y 380 horas de pr\u00e1cticas en empresas).<\/p>\n<p><strong>M\u00f3dulos Profesionales:<\/strong><\/p>\n<p>1\u00ba A\u00f1o (1\u00ba, 2\u00ba y 3\u00ba Trimestre). 960 horas.<br \/>\n&#8211; Gesti\u00f3n log\u00edstica y comercial<br \/>\n&#8211; Gesti\u00f3n financiera<br \/>\n&#8211; Gesti\u00f3n de recursos humanos<br \/>\n&#8211; Contabilidad y fiscalidad<br \/>\n&#8211; Ofim\u00e1tica y proceso de la informaci\u00f3n<\/p>\n<p>2\u00ba A\u00f1o (1\u00ba y 2\u00ba Trimestre). 660 horas<br \/>\n&#8211; Gesti\u00f3n comercial y servicios de atenci\u00f3n al cliente<br \/>\n&#8211; Administraci\u00f3n p\u00fablica<br \/>\n&#8211; Productos y servicios financieros de seguros<br \/>\n&#8211; Auditoria<br \/>\n&#8211; Proyecto empresarial<br \/>\n&#8211; Formaci\u00f3n y orientaci\u00f3n laboral<br \/>\n&#8211; Proyecto integrado<\/p>\n<p>2\u00ba A\u00f1o (3\u00ba Trimestre). 380 horas<br \/>\n&#8211; Formaci\u00f3n en centros de trabajo.<\/p>\n<p>&nbsp;<\/p>\n","protected":false},"excerpt":{"rendered":"<p>ADMINISTRACI\u00d3N Y FINANZAS (1\u00ba Curso LOE \u2013 2\u00ba Curso LOXSE) Duraci\u00f3n:\u00a02000 horas. (1.620 horas de clase y 380 horas de pr\u00e1cticas en empresas). M\u00f3dulos Profesionales: 1\u00ba A\u00f1o (1\u00ba, 2\u00ba y 3\u00ba Trimestre). 960 horas. &#8211; Gesti\u00f3n log\u00edstica y comercial &#8211; Gesti\u00f3n financiera &#8211; Gesti\u00f3n de recursos humanos &#8211; Contabilidad y fiscalidad &#8211; Ofim\u00e1tica y proceso [&hellip;]<\/p>\n","protected":false},"author":10,"featured_media":0,"parent":162,"menu_order":0,"comment_status":"open","ping_status":"open","template":"","meta":{"_monsterinsights_skip_tracking":false,"_monsterinsights_sitenote_active":false,"_monsterinsights_sitenote_note":"","_monsterinsights_sitenote_category":0,"footnotes":""},"class_list":["post-739","page","type-page","status-publish","hentry"],"_links":{"self":[{"href":"https:\/\/cpr.staging.afundacion.org\/inicio\/wp-json\/wp\/v2\/pages\/739","targetHints":{"allow":["GET"]}}],"collection":[{"href":"https:\/\/cpr.staging.afundacion.org\/inicio\/wp-json\/wp\/v2\/pages"}],"about":[{"href":"https:\/\/cpr.staging.afundacion.org\/inicio\/wp-json\/wp\/v2\/types\/page"}],"author":[{"embeddable":true,"href":"https:\/\/cpr.staging.afundacion.org\/inicio\/wp-json\/wp\/v2\/users\/10"}],"replies":[{"embeddable":true,"href":"https:\/\/cpr.staging.afundacion.org\/inicio\/wp-json\/wp\/v2\/comments?post=739"}],"version-history":[{"count":1,"href":"https:\/\/cpr.staging.afundacion.org\/inicio\/wp-json\/wp\/v2\/pages\/739\/revisions"}],"predecessor-version":[{"id":740,"href":"https:\/\/cpr.staging.afundacion.org\/inicio\/wp-json\/wp\/v2\/pages\/739\/revisions\/740"}],"up":[{"embeddable":true,"href":"https:\/\/cpr.staging.afundacion.org\/inicio\/wp-json\/wp\/v2\/pages\/162"}],"wp:attachment":[{"href":"https:\/\/cpr.staging.afundacion.org\/inicio\/wp-json\/wp\/v2\/media?parent=739"}],"curies":[{"name":"wp","href":"https:\/\/api.w.org\/{rel}","templated":true}]}}