{"id":266,"date":"2011-10-28T09:56:52","date_gmt":"2011-10-28T07:56:52","guid":{"rendered":"http:\/\/www.centrosocialnovacaixagalicia.com\/fpcoruna\/inicio\/?page_id=266"},"modified":"2018-10-03T12:11:41","modified_gmt":"2018-10-03T10:11:41","slug":"estructura-educativa","status":"publish","type":"page","link":"https:\/\/cpr.staging.afundacion.org\/inicio\/estructura-educativa\/","title":{"rendered":"Estructura educativa"},"content":{"rendered":"<p>La organizaci\u00f3n del Centro se estructura de la siguiente forma:<\/p>\n<p>1. \u00d3rganos de gobierno unipersonales:<\/p>\n<ul>\n<li>Director\n<ul>\n<li>D\u00f1a. Cristina Pilar S\u00e1nchez Dom\u00ednguez<\/li>\n<\/ul>\n<\/li>\n<li>Jefe de Estudios\n<ul>\n<li>D\u00f1a. Mar\u00eda Dolores Mallo Rey<\/li>\n<\/ul>\n<\/li>\n<li>Secretaria\n<ul>\n<li>D\u00f1a. Mar\u00eda del Pilar P\u00e9rez Ferrad\u00e1s<\/li>\n<\/ul>\n<\/li>\n<\/ul>\n<p>2. \u00d3rganos de gobierno colectivos:<\/p>\n<ul>\n<li>Consejo Escolar<\/li>\n<\/ul>\n<ul>\n<li>Representantes de la Titularidad:<\/li>\n<\/ul>\n<ul>\n<li>D. Pedro Antonio Otero Espinar<\/li>\n<li>D. Jos\u00e9 Luis Vilanova Dacosta<\/li>\n<li>D\u00f1a. Carlota S\u00e1nchez-Monta\u00f1a Puga<\/li>\n<\/ul>\n<ul>\n<li>Representantes del Profesorado:<\/li>\n<\/ul>\n<ul>\n<li>D\u00f1a. Mar\u00eda \u00c1ngeles Cadenas S\u00e1nchez<\/li>\n<li>D\u00f1a. Karine Marie Pierre Aida Pham<\/li>\n<li>D\u00f1a. Cristina Pilar S\u00e1nchez Dom\u00ednguez<\/li>\n<li>D\u00f1a. Ana Isabel Torr\u00f3n Mart\u00ednez<\/li>\n<\/ul>\n<ul>\n<li>\u00a0Claustro de profesores<\/li>\n<\/ul>\n<ul>\n<li style=\"list-style-type: none;\">\n<ul>\n<li>D\u00f1a. Mar\u00eda Jos\u00e9 Blanco V\u00e1zquez\n<ul>\n<li>mjblanco@afundacion.org<\/li>\n<\/ul>\n<\/li>\n<li>D\u00f1a. Mar\u00eda \u00c1ngeles Cadenas S\u00e1nchez\n<ul>\n<li>macadenas@afundacion.org<\/li>\n<\/ul>\n<\/li>\n<li>D\u00f1a. Sara Franco Su\u00e1rez\n<ul>\n<li>sfranco@afundacion.org<\/li>\n<\/ul>\n<\/li>\n<li>D\u00f1a. Noem\u00ed Garc\u00eda Lamela\n<ul>\n<li>ngarcia@afundacion.org<\/li>\n<\/ul>\n<\/li>\n<li>D\u00f1a. Mar\u00eda Dolores Mallo Rey\n<ul>\n<li>mmallo@afundacion.org<\/li>\n<\/ul>\n<\/li>\n<li>D. Francisco Javier Ouvi\u00f1a Concheiro\n<ul>\n<li>fouvina@afundacion.org<\/li>\n<\/ul>\n<\/li>\n<li>D\u00f1a. Karine Marie Pierre Aida Pham\n<ul>\n<li>kpham@afundacion.org<\/li>\n<\/ul>\n<\/li>\n<li>D. Emilio Pintos Fraile\n<ul>\n<li>epintos@afundacion.org<\/li>\n<\/ul>\n<\/li>\n<li>D. Alfonso Salazar P\u00e9rez\n<ul>\n<li>msalazar@afundacion.org<\/li>\n<\/ul>\n<\/li>\n<li>D\u00f1a. Cristina Pilar S\u00e1nchez Dom\u00ednguez\n<ul>\n<li>csanchez@afundacion.org<\/li>\n<\/ul>\n<\/li>\n<li>D\u00f1a. Ana Isabel Torr\u00f3n Mart\u00ednez\n<ul>\n<li>atorron@afundacion.org<\/li>\n<\/ul>\n<\/li>\n<\/ul>\n<\/li>\n<\/ul>\n<p>3. \u00d3rganos de coordinaci\u00f3n docente:<\/p>\n<ul>\n<li>Coordinadora de la FCT\n<ul>\n<li>D\u00f1a. Noem\u00ed Garc\u00eda Lamela<\/li>\n<\/ul>\n<\/li>\n<\/ul>\n<ul>\n<li>Tutor\u00edas<\/li>\n<\/ul>\n<p style=\"padding-left: 60px;\">Ciclo de Administraci\u00f3n y Finanzas<\/p>\n<ul>\n<li style=\"list-style-type: none;\">\n<ul>\n<li style=\"list-style-type: none;\">\n<ul>\n<li>D\u00f1a. Mar\u00eda \u00c1ngeles Cadenas S\u00e1nchez\u00a0 \u00a0(1\u00ba curso)<\/li>\n<li>D\u00f1a. Noem\u00ed Garc\u00eda Lamela\u00a0 \u00a0(2\u00ba curso)<\/li>\n<\/ul>\n<\/li>\n<\/ul>\n<\/li>\n<\/ul>\n<blockquote><p>\u00a0\u00a0\u00a0\u00a0\u00a0 Ciclo de Desarrollo de Aplicaciones Multiplataforma<\/p><\/blockquote>\n<ul>\n<li style=\"list-style-type: none;\">\n<ul>\n<li style=\"list-style-type: none;\">\n<ul>\n<li>D. Alfonso Salazar P\u00e9rez (1\u00ba curso)<\/li>\n<li>D. Francisco Javier Ouvi\u00f1a Concheiro (2\u00ba curso)<\/li>\n<\/ul>\n<\/li>\n<\/ul>\n<\/li>\n<\/ul>\n<p style=\"padding-left: 60px;\">Ciclo de Asistencia a la Direcci\u00f3n<\/p>\n<ul>\n<li style=\"list-style-type: none;\">\n<ul>\n<li style=\"list-style-type: none;\">\n<ul>\n<li>D\u00f1a. Mar\u00eda Dolores Mallo Rey (1\u00ba curso)<\/li>\n<li>D\u00f1a. Ana Isabel Torr\u00f3n Mart\u00ednez (2\u00ba curso)<\/li>\n<\/ul>\n<\/li>\n<\/ul>\n<\/li>\n<\/ul>\n<p>&nbsp;<\/p>\n<ul>\n<li>Equipo de dinamizaci\u00f3n ling\u00fc\u00edstica\n<ul>\n<li>D\u00f1a. Mar\u00eda Dolores Mallo Rey (Coordinadora)<\/li>\n<li>D\u00f1a. Noem\u00ed Garc\u00eda Lamela<\/li>\n<\/ul>\n<\/li>\n<\/ul>\n<p>Adem\u00e1s, el Centro tambi\u00e9n cuenta con:<\/p>\n<ul>\n<li>Observatorio de la Convivencia:\n<ul>\n<li>D\u00f1a. Cristina Pilar S\u00e1nchez Dom\u00ednguez<\/li>\n<li>D\u00f1a. Mar\u00eda Dolores Mallo Rey<\/li>\n<li>D\u00f1a. Noem\u00ed Garc\u00eda Lamela<\/li>\n<li>D\u00f1a. Ana Isabel Torr\u00f3n Mart\u00ednez<\/li>\n<li>D. Alfonso Salazar P\u00e9rez<\/li>\n<li>D. Jes\u00fas Martins Hilario<\/li>\n<\/ul>\n<\/li>\n<\/ul>\n<ul>\n<li style=\"list-style-type: none;\">\n<ul>Personal de Administraci\u00f3n y Servicios:<\/ul>\n<\/li>\n<\/ul>\n<ul>\n<li style=\"list-style-type: none;\">\n<ul>\n<li>D\u00f1a. Mar\u00eda del Pilar P\u00e9rez Ferrad\u00e1s<\/li>\n<li>D. Jes\u00fas Martins Hilario<\/li>\n<\/ul>\n<\/li>\n<\/ul>\n","protected":false},"excerpt":{"rendered":"<p>La organizaci\u00f3n del Centro se estructura de la siguiente forma: 1. \u00d3rganos de gobierno unipersonales: Director D\u00f1a. Cristina Pilar S\u00e1nchez Dom\u00ednguez Jefe de Estudios D\u00f1a. Mar\u00eda Dolores Mallo Rey Secretaria D\u00f1a. Mar\u00eda del Pilar P\u00e9rez Ferrad\u00e1s 2. \u00d3rganos de gobierno colectivos: Consejo Escolar Representantes de la Titularidad: D. Pedro Antonio Otero Espinar D. Jos\u00e9 Luis [&hellip;]<\/p>\n","protected":false},"author":4,"featured_media":0,"parent":0,"menu_order":0,"comment_status":"open","ping_status":"open","template":"","meta":{"_monsterinsights_skip_tracking":false,"_monsterinsights_sitenote_active":false,"_monsterinsights_sitenote_note":"","_monsterinsights_sitenote_category":0,"footnotes":""},"class_list":["post-266","page","type-page","status-publish","hentry"],"_links":{"self":[{"href":"https:\/\/cpr.staging.afundacion.org\/inicio\/wp-json\/wp\/v2\/pages\/266","targetHints":{"allow":["GET"]}}],"collection":[{"href":"https:\/\/cpr.staging.afundacion.org\/inicio\/wp-json\/wp\/v2\/pages"}],"about":[{"href":"https:\/\/cpr.staging.afundacion.org\/inicio\/wp-json\/wp\/v2\/types\/page"}],"author":[{"embeddable":true,"href":"https:\/\/cpr.staging.afundacion.org\/inicio\/wp-json\/wp\/v2\/users\/4"}],"replies":[{"embeddable":true,"href":"https:\/\/cpr.staging.afundacion.org\/inicio\/wp-json\/wp\/v2\/comments?post=266"}],"version-history":[{"count":27,"href":"https:\/\/cpr.staging.afundacion.org\/inicio\/wp-json\/wp\/v2\/pages\/266\/revisions"}],"predecessor-version":[{"id":1789,"href":"https:\/\/cpr.staging.afundacion.org\/inicio\/wp-json\/wp\/v2\/pages\/266\/revisions\/1789"}],"wp:attachment":[{"href":"https:\/\/cpr.staging.afundacion.org\/inicio\/wp-json\/wp\/v2\/media?parent=266"}],"curies":[{"name":"wp","href":"https:\/\/api.w.org\/{rel}","templated":true}]}}