{"id":2473,"date":"2024-05-08T11:09:08","date_gmt":"2024-05-08T09:09:08","guid":{"rendered":"https:\/\/cpr.staging.afundacion.org\/inicio\/?page_id=2473"},"modified":"2024-05-08T11:09:08","modified_gmt":"2024-05-08T09:09:08","slug":"aviso-legal","status":"publish","type":"page","link":"https:\/\/cpr.staging.afundacion.org\/inicio\/aviso-legal\/","title":{"rendered":"Aviso legal"},"content":{"rendered":"<div class=\"page-body\">\n<section id=\"section-inicio\" class=\"section has-text\">\n<header class=\"section-header\">\n<h2>Aviso legal<\/h2>\n<\/header>\n<div class=\"section-body\">\n<p>La Fundaci\u00f3n Galicia Obra Social (\u201cAfundaci\u00f3n, en lo sucesivo\u201d), con domicilio social en A Coru\u00f1a, Cant\u00f3n Grande 8, C\u00f3digo Postal 15003, N.I.F. G-70270293 e inscrita en el Rexistro \u00danico de Fundaci\u00f3ns de Interese Galego, Secci\u00f3n da Conseller\u00eda de Facenda, de la Xunta de Galicia con el n\u00famero 2013\/12, a la que corresponde la titularidad del portal www.afundacion.org (en lo sucesivo, tambi\u00e9n denominado el \u201cPortal\u201d), que pone a disposici\u00f3n de los usuarios de Internet, con el fin tanto de proporcionar informaci\u00f3n sobre los servicios, productos y actividades ofrecidos por Afundaci\u00f3n, como de permitir la prestaci\u00f3n de determinados servicios a trav\u00e9s del propio Portal, denominados \u00abon-line\u00bb.<\/p>\n<\/div>\n<\/section>\n<section id=\"section-aceptacion-condiciones\" class=\"section has-text\">\n<header class=\"section-header\">\n<h2>Aceptaci\u00f3n de las Condiciones de Utilizaci\u00f3n del Portal<\/h2>\n<\/header>\n<div class=\"section-body\">\n<p>Las presentes condiciones generales de utilizaci\u00f3n del Portal, junto con las condiciones generales de contrataci\u00f3n de los servicios prestados a trav\u00e9s del mismo, as\u00ed como cualesquiera otras condiciones que a tales efectos puedan establecerse, tienen por finalidad la regulaci\u00f3n e informaci\u00f3n a los usuarios del Portal de los servicios que presta Afundaci\u00f3n, y la propia regulaci\u00f3n del uso del Portal.<\/p>\n<p>La navegaci\u00f3n y\/o la utilizaci\u00f3n de los servicios del Portal suponen la aceptaci\u00f3n como Usuario, y sin reservas de ning\u00fan tipo, de todas las condiciones generales de utilizaci\u00f3n del mismo, as\u00ed como de las condiciones generales de contrataci\u00f3n y de cualesquiera otras condiciones que puedan establecerse en relaci\u00f3n con la prestaci\u00f3n a trav\u00e9s del Portal de los servicios ofrecidos por Afundaci\u00f3n.<\/p>\n<\/div>\n<\/section>\n<section id=\"section-condiciones-generales\" class=\"section has-text\">\n<header class=\"section-header\">\n<h2>Pol\u00edtica de privacidad<\/h2>\n<\/header>\n<div class=\"section-body\">\n<ol>\n<li>\n<h3>Responsable del Tratamiento<\/h3>\n<p>El Responsable del Tratamiento se corresponde con el del titular del presente sitio web, accesible a trav\u00e9s de <a href=\"https:\/\/www.afundacion.org\/es\">www.afundacion.org<\/a>, es Afundaci\u00f3n, cuyos datos figuran anteriormente.<\/li>\n<li>\n<h3>Datos tratados, finalidades y plazo de conservaci\u00f3n<\/h3>\n<ol>\n<li>\n<h4>Datos tratados<\/h4>\n<p>A los efectos de la solicitud de informaci\u00f3n o de contacto, la suscripci\u00f3n en nuestros boletines o newsletters, la participaci\u00f3n en promociones o concursos o la compra en nuestra tienda online, se deber\u00e1n facilitar unos datos a trav\u00e9s de la cumplimentaci\u00f3n de los formularios dispuestos a estos efectos, en los que se indicar\u00e1n cu\u00e1les de ellos tienen el car\u00e1cter de obligatorio.<\/p>\n<p>Durante la navegaci\u00f3n, Afundaci\u00f3n obtiene datos que le aportan informaci\u00f3n sobre usabilidad y preferencias de los usuarios, seg\u00fan los t\u00e9rminos y condiciones que se prev\u00e9n expresamente en el apartado de cookies. A estos efectos, se utilizan algunas que permiten interactuar con redes sociales u otras plataformas externas directamente desde la Web. La forma de interactuar del Usuario y la informaci\u00f3n obtenida durante la navegaci\u00f3n estar\u00e1 sometida a la configuraci\u00f3n de privacidad del propio Usuario en cada red social, pudiendo incluso esas plataformas obtener alguna informaci\u00f3n de su navegaci\u00f3n, aunque el usuario no haga uso de sus servicios.<\/li>\n<li>\n<h4>Finalidades<\/h4>\n<p>Las finalidades ser\u00e1n las siguientes:<\/p>\n<ol>\n<li><strong>Contacto:<\/strong> El correo electr\u00f3nico y\/o el tel\u00e9fono facilitado para el contacto, ser\u00e1\/n utilizado\/s para una efectiva contestaci\u00f3n a las cuestiones planteadas.<\/li>\n<li><strong>Boletines o newsletters:<\/strong> El correo electr\u00f3nico, el cual deber\u00e1 ser verificado por el Usuario, u otros similares, como pueda ser el tel\u00e9fono; ser\u00e1\/n utilizado\/s para la remisi\u00f3n de los boletines o newsletters, de acuerdo a sus intereses.<\/li>\n<li><strong>Promociones\/concursos:<\/strong> Los datos aportados ser\u00e1n utilizados para la realizaci\u00f3n de cuantas gestiones sean necesarias para el desarrollo del\/de la correspondiente promoci\u00f3n y\/o concurso.<\/li>\n<li><strong>Compra online:<\/strong> Los datos ser\u00e1n necesarios para la identificaci\u00f3n del comprador y para la eventual remisi\u00f3n de los bienes adquiridos.<\/li>\n<\/ol>\n<\/li>\n<li>\n<h4>Conservaci\u00f3n<\/h4>\n<p>El plazo de conservaci\u00f3n ser\u00e1 el siguiente:<\/p>\n<ol>\n<li><strong>Boletines o newsletters:<\/strong> Los datos ser\u00e1n tratados, desde que el Usuario preste su consentimiento hasta la retirada del mismo, el cual podr\u00e1 otorgarse cuantas veces quiera. En cada comunicaci\u00f3n, el Usuario encontrar\u00e1 un procedimiento gratuito y accesible para gestionarlo.<\/li>\n<li><strong>Promociones\/concursos:<\/strong> Los datos ser\u00e1n tratados durante la sustanciaci\u00f3n de la correspondiente promoci\u00f3n y\/o concurso, incluso la entrega del premio y, una vez finalizado, ser\u00e1n guardados para la eventual tramitaci\u00f3n de reclamaciones o quejas, relacionadas con el desarrollo del mismo.<\/li>\n<li><strong>Compra online:<\/strong> Los datos deber\u00e1n ser conservados durante al menos 5 a\u00f1os, en cumplimiento de la normativa fiscal y\/o contable, a la que est\u00e1 sujeta Afundaci\u00f3n.<\/li>\n<\/ol>\n<\/li>\n<\/ol>\n<\/li>\n<li>\n<h3>Ejercicio de derechos<\/h3>\n<p>Cualquier persona tiene derecho a obtener confirmaci\u00f3n acerca de si se est\u00e1 procediendo al tratamiento de datos personales que le conciernan, o no. Las personas interesadas tienen derecho a acceder a sus datos personales, as\u00ed como a solicitar la rectificaci\u00f3n de los datos inexactos o, en su caso, solicitar su supresi\u00f3n cuando, entre otros motivos, los datos ya no sean necesarios para los fines que fueron recogidos. En determinadas circunstancias, los interesados podr\u00e1n solicitar la limitaci\u00f3n del tratamiento de sus datos u oponerse al tratamiento de los mismos, en cuyo caso \u00fanicamente los conservar\u00e1 Afundaci\u00f3n para el ejercicio o la defensa de reclamaciones. Para todo ello, los usuarios podr\u00e1n dirigir una comunicaci\u00f3n por escrito a Comit\u00e9 de privacidad: San Andr\u00e9s 135-137, 2\u00aa. 15003 de A Coru\u00f1a, o remitir un correo a la direcci\u00f3n rgpd@afundacion.org incluyendo, en ambos casos, una copia del documento nacional de identidad o documentaci\u00f3n acreditativa equivalente. En caso de que desea ejercer el derecho de portabilidad, se facilitar\u00e1 esos datos al nuevo Responsable.<\/li>\n<li>\n<h3>Legitimaci\u00f3n del tratamiento<\/h3>\n<p>La base legal para el tratamiento de los datos facilitados ser\u00e1 (i) el consentimiento otorgado por el Usuario para el tratamiento de sus datos personales, para o uno o varios fines espec\u00edficos; (ii) la satisfacci\u00f3n de los intereses leg\u00edtimos de Afundaci\u00f3n y; (iii) la ejecuci\u00f3n de un contrato en el que el Usuario es parte o para la aplicaci\u00f3n de medidas precontractuales. El consentimiento ser\u00e1 siempre revocable y podr\u00e1 ejercerse en cualquier momento.<\/li>\n<li>\n<h3>Destinatarios y cesiones<\/h3>\n<p>Afundaci\u00f3n no realizar\u00e1 cesiones de datos, salvo las expresamente contempladas en la legislaci\u00f3n vigente.<\/li>\n<\/ol>\n<\/div>\n<\/section>\n<\/div>\n","protected":false},"excerpt":{"rendered":"<p>Aviso legal La Fundaci\u00f3n Galicia Obra Social (\u201cAfundaci\u00f3n, en lo sucesivo\u201d), con domicilio social en A Coru\u00f1a, Cant\u00f3n Grande 8, C\u00f3digo Postal 15003, N.I.F. G-70270293 e inscrita en el Rexistro \u00danico de Fundaci\u00f3ns de Interese Galego, Secci\u00f3n da Conseller\u00eda de Facenda, de la Xunta de Galicia con el n\u00famero 2013\/12, a la que corresponde la [&hellip;]<\/p>\n","protected":false},"author":12,"featured_media":0,"parent":0,"menu_order":0,"comment_status":"closed","ping_status":"closed","template":"","meta":{"_monsterinsights_skip_tracking":false,"_monsterinsights_sitenote_active":false,"_monsterinsights_sitenote_note":"","_monsterinsights_sitenote_category":0,"footnotes":""},"class_list":["post-2473","page","type-page","status-publish","hentry"],"_links":{"self":[{"href":"https:\/\/cpr.staging.afundacion.org\/inicio\/wp-json\/wp\/v2\/pages\/2473","targetHints":{"allow":["GET"]}}],"collection":[{"href":"https:\/\/cpr.staging.afundacion.org\/inicio\/wp-json\/wp\/v2\/pages"}],"about":[{"href":"https:\/\/cpr.staging.afundacion.org\/inicio\/wp-json\/wp\/v2\/types\/page"}],"author":[{"embeddable":true,"href":"https:\/\/cpr.staging.afundacion.org\/inicio\/wp-json\/wp\/v2\/users\/12"}],"replies":[{"embeddable":true,"href":"https:\/\/cpr.staging.afundacion.org\/inicio\/wp-json\/wp\/v2\/comments?post=2473"}],"version-history":[{"count":1,"href":"https:\/\/cpr.staging.afundacion.org\/inicio\/wp-json\/wp\/v2\/pages\/2473\/revisions"}],"predecessor-version":[{"id":2474,"href":"https:\/\/cpr.staging.afundacion.org\/inicio\/wp-json\/wp\/v2\/pages\/2473\/revisions\/2474"}],"wp:attachment":[{"href":"https:\/\/cpr.staging.afundacion.org\/inicio\/wp-json\/wp\/v2\/media?parent=2473"}],"curies":[{"name":"wp","href":"https:\/\/api.w.org\/{rel}","templated":true}]}}