{"id":202,"date":"2011-10-22T00:11:05","date_gmt":"2011-10-21T22:11:05","guid":{"rendered":"http:\/\/www.centrosocialnovacaixagalicia.com\/fpcoruna\/inicio\/?page_id=202"},"modified":"2011-10-22T10:29:04","modified_gmt":"2011-10-22T08:29:04","slug":"politica-de-calidad-3","status":"publish","type":"page","link":"https:\/\/cpr.staging.afundacion.org\/inicio\/politica-de-calidad-3\/","title":{"rendered":"Pol\u00edtica de calidad"},"content":{"rendered":"<div>\n<p>El CPR Novacaixagalicia tiene como objetivo global proporcionar al alumno la formaci\u00f3n necesaria para su inserci\u00f3n en el mercado laboral.<\/p>\n<\/div>\n<p><strong>\u00bfqui\u00e9nes somos?<\/strong><\/p>\n<p>El CPR Novacaixagalicia es un Centro Educativo que\u2026<\/p>\n<ul>\n<li>est\u00e1 situado en el centro de la <strong>ciudad de A Coru\u00f1a<\/strong>, ciudad con un sector servicios muy importante y con una alta demanda de profesionales en las \u00e1reas Administrativa e Inform\u00e1tica.<\/li>\n<li><strong>pertenece<\/strong> a <strong>Novacaixagalicia<\/strong>; por lo que un porcentaje alto de nuestro alumnado realiza la FCT en la propia entidad adem\u00e1s de tener convenios con empresas punteras en diferentes sectores o \u00e1reas relacionadas con nuestros Ciclos.<\/li>\n<li>est\u00e1 <strong>sostenido con fondos p\u00fablicos<\/strong> <strong>(Centro Concertado).<\/strong><\/li>\n<\/ul>\n<p><strong>\u00a0<\/strong><\/p>\n<p><strong>\u00bfqu\u00e9 queremos alcanzar?<\/strong><\/p>\n<ul>\n<li>asegurar una <strong>formaci\u00f3n \u00edntegra <\/strong>de nuestros alumnos, como personas libres y responsables, que les permita conseguir el <strong>\u00e9xito tanto a nivel personal como profesional.<\/strong><\/li>\n<li>favorecer la <strong>formaci\u00f3n permanente del personal docente<\/strong> para que todos los profesores, a trav\u00e9s de su esfuerzo, trabajo y participaci\u00f3n, est\u00e9n comprometidos con las actividades docentes y de formaci\u00f3n completa del alumnado.<\/li>\n<li>atender de manera especial a los nuevos requerimientos sociales en el \u00e1mbito de las <strong>nuevas tecnolog\u00edas<\/strong> y de los <strong>idiomas<\/strong>.<\/li>\n<li>establecer una <strong>comunicaci\u00f3n fluida y cordial<\/strong> entre todos y con todos los componentes de la comunidad educativa.<\/li>\n<li>conseguir que nuestros alumnos sean <strong>reconocidos <\/strong>como <strong>buenos profesionales<\/strong> en el mundo empresarial\/laboral.<\/li>\n<\/ul>\n<p>&nbsp;<\/p>\n<h4>\u00bfqu\u00e9 tenemos en cuenta y con qu\u00e9 contamos para conseguirlo?<\/h4>\n<ul>\n<li>adecuaci\u00f3n de la formaci\u00f3n del alumno a la realidad profesional y social.<\/li>\n<li><strong>responsabilidad<\/strong> y b\u00fasqueda de la excelencia acad\u00e9mica.<\/li>\n<li>desarrollo de <strong>capacidades<\/strong> que permitan al alumno\u00a0 actualizarse y adaptarse a las nuevas situaciones en su futura vida laboral.<\/li>\n<li><strong>trabajo en equipo<\/strong> y prevenci\u00f3n de conflictos en todos los \u00e1mbitos de la vida personal, familiar y social.<\/li>\n<li>fomento de la <strong>igualdad<\/strong> <strong>de<\/strong> <strong>oportunidades<\/strong> entre hombres y mujeres para acceder a una formaci\u00f3n que permita todo tipo de opciones profesionales.<\/li>\n<li>fomento del <strong>esp\u00edritu emprendedor<\/strong> para el desempe\u00f1o de actividades e iniciativas empresariales.<\/li>\n<li>la <strong>profesionalidad<\/strong> y sentido de la responsabilidad del profesorado y personal no docente.<\/li>\n<li>la <strong>atenci\u00f3n individualizada<\/strong> a trav\u00e9s de las tutor\u00edas.<\/li>\n<li>las <strong>normas de convivencia<\/strong> basadas en el respeto.<\/li>\n<li>la <strong>aportaci\u00f3n econ\u00f3mica<\/strong> que hace <strong>Novacaixagalicia <\/strong>para el mantenimiento de nuestro Centro; as\u00ed como su colaboraci\u00f3n y apoyo en las diferentes actividades programadas.<\/li>\n<li>la disponibilidad de un <strong>equipo inform\u00e1tico <\/strong>por alumno y su conexi\u00f3n en red, as\u00ed como de los\u00a0 medios audiovisuales para una formaci\u00f3n actualizada.<\/li>\n<li>nuestra <strong>Bolsa de Trabajo<\/strong> que hace de enlace entre el alumnado y la empresa.<\/li>\n<\/ul>\n","protected":false},"excerpt":{"rendered":"<p>El CPR Novacaixagalicia tiene como objetivo global proporcionar al alumno la formaci\u00f3n necesaria para su inserci\u00f3n en el mercado laboral. \u00bfqui\u00e9nes somos? El CPR Novacaixagalicia es un Centro Educativo que\u2026 est\u00e1 situado en el centro de la ciudad de A Coru\u00f1a, ciudad con un sector servicios muy importante y con una alta demanda de profesionales [&hellip;]<\/p>\n","protected":false},"author":3,"featured_media":0,"parent":0,"menu_order":1,"comment_status":"open","ping_status":"open","template":"","meta":{"_monsterinsights_skip_tracking":false,"_monsterinsights_sitenote_active":false,"_monsterinsights_sitenote_note":"","_monsterinsights_sitenote_category":0,"footnotes":""},"class_list":["post-202","page","type-page","status-publish","hentry"],"_links":{"self":[{"href":"https:\/\/cpr.staging.afundacion.org\/inicio\/wp-json\/wp\/v2\/pages\/202","targetHints":{"allow":["GET"]}}],"collection":[{"href":"https:\/\/cpr.staging.afundacion.org\/inicio\/wp-json\/wp\/v2\/pages"}],"about":[{"href":"https:\/\/cpr.staging.afundacion.org\/inicio\/wp-json\/wp\/v2\/types\/page"}],"author":[{"embeddable":true,"href":"https:\/\/cpr.staging.afundacion.org\/inicio\/wp-json\/wp\/v2\/users\/3"}],"replies":[{"embeddable":true,"href":"https:\/\/cpr.staging.afundacion.org\/inicio\/wp-json\/wp\/v2\/comments?post=202"}],"version-history":[{"count":4,"href":"https:\/\/cpr.staging.afundacion.org\/inicio\/wp-json\/wp\/v2\/pages\/202\/revisions"}],"predecessor-version":[{"id":212,"href":"https:\/\/cpr.staging.afundacion.org\/inicio\/wp-json\/wp\/v2\/pages\/202\/revisions\/212"}],"wp:attachment":[{"href":"https:\/\/cpr.staging.afundacion.org\/inicio\/wp-json\/wp\/v2\/media?parent=202"}],"curies":[{"name":"wp","href":"https:\/\/api.w.org\/{rel}","templated":true}]}}