{"id":188,"date":"2011-10-21T21:53:15","date_gmt":"2011-10-21T19:53:15","guid":{"rendered":"http:\/\/www.centrosocialnovacaixagalicia.com\/fpcoruna\/inicio\/?page_id=188"},"modified":"2018-04-10T15:59:14","modified_gmt":"2018-04-10T13:59:14","slug":"condiciones-de-acceso","status":"publish","type":"page","link":"https:\/\/cpr.staging.afundacion.org\/inicio\/condiciones-de-acceso\/","title":{"rendered":"Condiciones de acceso"},"content":{"rendered":"<p>&nbsp;<\/p>\n<p><strong>Con titulaci\u00f3n<\/strong><\/p>\n<p style=\"padding-left: 30px;\">&#8211; T\u00edtulo Bachiller LOE<\/p>\n<p style=\"padding-left: 30px;\">&#8211; T\u00edtulo Bachiller LOGSE<\/p>\n<p style=\"padding-left: 30px;\">&#8211; 2\u00ba Bachillerato experimental (Or. 21\/10\/86 &#8211; BOE 06\/11)<\/p>\n<p style=\"padding-left: 30px;\">&#8211;\u00a0COU\u00a0 o PREU<\/p>\n<p style=\"padding-left: 30px;\">&#8211; T\u00edtulo T\u00e9cnico Especialista, T\u00e9cnico Superior, o equivalente a efectos acad\u00e9micos.<\/p>\n<p style=\"padding-left: 30px;\">&#8211; Titulaci\u00f3n\u00a0 universitaria o equivalente a efectos acad\u00e9micos.<\/p>\n<p>&nbsp;<\/p>\n<p><strong>Sin titulaci\u00f3n<\/strong><\/p>\n<p style=\"padding-left: 30px;\">&#8211; Haber superado la prueba de acceso a CF regulada en el articulo 41.2 de la LO \u00a02\/2006 y desarrollada en el art\u00edculo 24 del RD 1538\/2006<\/p>\n<p style=\"padding-left: 30px;\">&#8211; Haber superado la prueba de acceso a la universidad para mayores de 25 a\u00f1os (en este caso, si lo solicitan, acceder\u00e1n con la calificaci\u00f3n de 5 puntos a efectos de baremaci\u00f3n).<\/p>\n","protected":false},"excerpt":{"rendered":"<p>&nbsp; Con titulaci\u00f3n &#8211; T\u00edtulo Bachiller LOE &#8211; T\u00edtulo Bachiller LOGSE &#8211; 2\u00ba Bachillerato experimental (Or. 21\/10\/86 &#8211; BOE 06\/11) &#8211;\u00a0COU\u00a0 o PREU &#8211; T\u00edtulo T\u00e9cnico Especialista, T\u00e9cnico Superior, o equivalente a efectos acad\u00e9micos. &#8211; Titulaci\u00f3n\u00a0 universitaria o equivalente a efectos acad\u00e9micos. &nbsp; Sin titulaci\u00f3n &#8211; Haber superado la prueba de acceso a CF regulada [&hellip;]<\/p>\n","protected":false},"author":3,"featured_media":0,"parent":0,"menu_order":0,"comment_status":"open","ping_status":"open","template":"","meta":{"_monsterinsights_skip_tracking":false,"_monsterinsights_sitenote_active":false,"_monsterinsights_sitenote_note":"","_monsterinsights_sitenote_category":0,"footnotes":""},"class_list":["post-188","page","type-page","status-publish","hentry"],"_links":{"self":[{"href":"https:\/\/cpr.staging.afundacion.org\/inicio\/wp-json\/wp\/v2\/pages\/188","targetHints":{"allow":["GET"]}}],"collection":[{"href":"https:\/\/cpr.staging.afundacion.org\/inicio\/wp-json\/wp\/v2\/pages"}],"about":[{"href":"https:\/\/cpr.staging.afundacion.org\/inicio\/wp-json\/wp\/v2\/types\/page"}],"author":[{"embeddable":true,"href":"https:\/\/cpr.staging.afundacion.org\/inicio\/wp-json\/wp\/v2\/users\/3"}],"replies":[{"embeddable":true,"href":"https:\/\/cpr.staging.afundacion.org\/inicio\/wp-json\/wp\/v2\/comments?post=188"}],"version-history":[{"count":9,"href":"https:\/\/cpr.staging.afundacion.org\/inicio\/wp-json\/wp\/v2\/pages\/188\/revisions"}],"predecessor-version":[{"id":483,"href":"https:\/\/cpr.staging.afundacion.org\/inicio\/wp-json\/wp\/v2\/pages\/188\/revisions\/483"}],"wp:attachment":[{"href":"https:\/\/cpr.staging.afundacion.org\/inicio\/wp-json\/wp\/v2\/media?parent=188"}],"curies":[{"name":"wp","href":"https:\/\/api.w.org\/{rel}","templated":true}]}}