{"id":162,"date":"2011-10-21T20:02:08","date_gmt":"2011-10-21T18:02:08","guid":{"rendered":"http:\/\/www.centrosocialnovacaixagalicia.com\/fpcoruna\/inicio\/?page_id=162"},"modified":"2020-06-15T11:57:50","modified_gmt":"2020-06-15T09:57:50","slug":"oferta-educativa","status":"publish","type":"page","link":"https:\/\/cpr.staging.afundacion.org\/inicio\/oferta-educativa\/","title":{"rendered":"Oferta educativa"},"content":{"rendered":"<p><a name=\"inicio\"><\/a><\/p>\n<p>La <strong>oferta educativa del Centro de Formaci\u00f3n\u00a0Profesional Afundaci\u00f3n\u00a0A Coru\u00f1a,\u00a0<\/strong>est\u00e1 compuesta por cuatro Ciclos de Grado Superior:<\/p>\n<ul>\n<li><a title=\"Oferta educativa\" href=\"http:\/\/cpr.afundacion.org\/inicio\/oferta-educativa\/\">Asistencia a la Direcci\u00f3n<\/a><\/li>\n<li><a href=\"#admin\">Administraci\u00f3n y finanzas<\/a><\/li>\n<li><a href=\"#desar\">Desarrollo de aplicaciones multiplataforma<\/a><\/li>\n<li><a href=\"#devapp\">Desarrollo de aplicaciones web<\/a><\/li>\n<\/ul>\n<p><a name=\"secre\"><\/a><br \/>\n<strong>ASISTENCIA A LA DIRECCI\u00d3N\u00a0(1\u00ba Curso LOE &#8211; 2\u00ba Curso LOE)<br \/>\n<\/strong><\/p>\n<p><strong>Duraci\u00f3n:<\/strong>\u00a02000 horas (1.590 horas de clase y 384 horas de pr\u00e1cticas en empresas y 26 horas del Proyecto).<\/p>\n<p><strong>M\u00f3dulos Profesionales:<\/strong><\/p>\n<p>1\u00ba A\u00f1o (1\u00ba, 2\u00ba y 3\u00ba Trimestre). 960 horas.<\/p>\n<p>&#8211; Ingl\u00e9s<br \/>\n&#8211; Gesti\u00f3n de la documentaci\u00f3n jur\u00eddica y empresarial<br \/>\n&#8211; Recursos humanos y responsabilidad social corporativa<br \/>\n&#8211; Ofim\u00e1tica y proceso de la informaci\u00f3n<br \/>\n&#8211; Proceso integral de la actividad comercial<br \/>\n&#8211; Comunicaci\u00f3n y atenci\u00f3n a la clientela<br \/>\n&#8211; Formaci\u00f3n y orientaci\u00f3n laboral<\/p>\n<p>2\u00ba A\u00f1o (1\u00ba y 2\u00ba Trimestre). 630 horas<\/p>\n<p>&#8211; Segunda lengua extranjera (Franc\u00e9s)<br \/>\n&#8211;\u00a0Protocolo empresarial<br \/>\n&#8211;\u00a0Organizaci\u00f3n de eventos empresariales<br \/>\n&#8211; Gesti\u00f3n\u00a0avanzada de la informaci\u00f3n<\/p>\n<p>2\u00ba A\u00f1o (3\u00ba Trimestre). 410 horas<\/p>\n<p>&#8211; Proyecto de\u00a0asistencia a la direcci\u00f3n<br \/>\n&#8211; Formaci\u00f3n en centros de trabajo<\/p>\n<p style=\"text-align: right;\"><a href=\"#inicio\">Inicio<\/a><\/p>\n<p><a name=\"admin\"><\/a><br \/>\n<strong>ADMINISTRACI\u00d3N Y FINANZAS (1\u00ba Curso LOE &#8211; 2\u00ba Curso LOE)<br \/>\n<\/strong><\/p>\n<p><strong>Duraci\u00f3n:<\/strong> 2000 horas (1.590 horas de clase y 384 horas de pr\u00e1cticas en empresas y 26 horas del Proyecto).<\/p>\n<p><strong>M\u00f3dulos Profesionales:<\/strong><\/p>\n<p>1\u00ba A\u00f1o (1\u00ba, 2\u00ba y 3\u00ba Trimestre). 960 horas.<\/p>\n<p>&#8211; Ingl\u00e9s<br \/>\n&#8211; Gesti\u00f3n de la documentaci\u00f3n jur\u00eddica y empresarial<br \/>\n&#8211; Recursos humanos y responsabilidad social corporativa<br \/>\n&#8211; Ofim\u00e1tica y proceso de la informaci\u00f3n<br \/>\n&#8211; Proceso integral de la actividad comercial<br \/>\n&#8211; Comunicaci\u00f3n y atenci\u00f3n a la clientela<br \/>\n&#8211; Formaci\u00f3n y orientaci\u00f3n laboral<\/p>\n<p>2\u00ba A\u00f1o (1\u00ba y 2\u00ba Trimestre). 630 horas<\/p>\n<p>&#8211; Gesti\u00f3n de recursos humanos<br \/>\n&#8211; Gesti\u00f3n financiera<br \/>\n&#8211; Contabilidad y fiscalidad<br \/>\n&#8211; Gesti\u00f3n log\u00edstica y comercial<br \/>\n&#8211; Simulaci\u00f3n empresarial<\/p>\n<p>2\u00ba A\u00f1o (3\u00ba Trimestre). 410 horas<\/p>\n<p>&#8211; Proyecto de administraci\u00f3n y finanzas<br \/>\n&#8211; Formaci\u00f3n en centros de trabajo<\/p>\n<p style=\"text-align: right;\"><a href=\"#inicio\">Inicio<\/a><\/p>\n<p><a name=\"desar\"><\/a><br \/>\n<strong>DESARROLLO DE APLICACIONES MULTIPLATAFORMA (Ciclo LOE)<br \/>\n<\/strong><\/p>\n<p><strong>Duraci\u00f3n<\/strong>: 2000 horas (1.616 horas de clase y 384 horas de pr\u00e1cticas en empresas).<\/p>\n<p><strong>M\u00f3dulos Profesionales<\/strong>:<\/p>\n<p>1\u00ba A\u00f1o (1\u00ba, 2\u00ba y 3\u00ba Trimestre). 960 horas<br \/>\n&#8211; Lenguajes de marcas y sistemas de gesti\u00f3n de informaci\u00f3n<br \/>\n&#8211; Sistemas inform\u00e1ticos<br \/>\n&#8211; Bases de datos<br \/>\n&#8211; Programaci\u00f3n<br \/>\n&#8211; Entornos de desarrollo<br \/>\n&#8211; Formaci\u00f3n y orientaci\u00f3n laboral<\/p>\n<p>2\u00ba A\u00f1o (1\u00ba y 2\u00ba Trimestre). 630 horas<br \/>\n&#8211; Acceso a datos<br \/>\n&#8211; Desarrollo de interfaces<br \/>\n&#8211; Programaci\u00f3n multimedia y dispositivos m\u00f3viles<br \/>\n&#8211; Programaci\u00f3n de servicios y procesos<br \/>\n&#8211; Sistemas de gesti\u00f3n empresarial<br \/>\n&#8211; Empresa e iniciativa emprendedora<\/p>\n<p>2\u00ba A\u00f1o (3\u00ba Trimestre). 410 horas<br \/>\n&#8211; Proyecto de desarrollo de aplicaciones multiplataforma<br \/>\n&#8211; Formaci\u00f3n en centros de trabajo<\/p>\n<p>&nbsp;<\/p>\n<p style=\"text-align: right;\"><a href=\"#inicio\">Inicio<\/a><\/p>\n<p><a name=\"devapp\"><\/a><br \/>\n<strong>DESARROLLO DE APLICACIONES WEB (Ciclo LOE)<br \/>\n<\/strong><\/p>\n<p><strong>Duraci\u00f3n<\/strong>: 2000 horas (1.616 horas de clase y 384 horas de pr\u00e1cticas en empresas).<\/p>\n<p><strong>M\u00f3dulos Profesionales<\/strong>:<\/p>\n<p>1\u00ba A\u00f1o (1\u00ba, 2\u00ba y 3\u00ba Trimestre). 960 horas<br \/>\n&#8211; Lenguajes de marcas y sistemas de gesti\u00f3n de informaci\u00f3n<br \/>\n&#8211; Sistemas inform\u00e1ticos<br \/>\n&#8211; Bases de datos<br \/>\n&#8211; Programaci\u00f3n<br \/>\n&#8211; Entornos de desarrollo<br \/>\n&#8211; Formaci\u00f3n y orientaci\u00f3n laboral<\/p>\n<p>2\u00ba A\u00f1o (1\u00ba y 2\u00ba Trimestre). 630 horas<br \/>\n&#8211; Desarrollo web en entorno cliente<br \/>\n&#8211; Desarrollo web en entorno servidor<br \/>\n&#8211; Dise\u00f1o de interfaces web<br \/>\n&#8211; Despliegue de aplicaciones web<br \/>\n&#8211; Empresa e iniciativa emprendedora<\/p>\n<p>2\u00ba A\u00f1o (3\u00ba Trimestre). 410 horas<br \/>\n&#8211; Proyecto de desarrollo de aplicaciones web<br \/>\n&#8211; Formaci\u00f3n en centros de trabajo<\/p>\n<p style=\"text-align: right;\"><a href=\"#inicio\">Inicio<\/a><\/p>\n","protected":false},"excerpt":{"rendered":"<p>La oferta educativa del Centro de Formaci\u00f3n\u00a0Profesional Afundaci\u00f3n\u00a0A Coru\u00f1a,\u00a0est\u00e1 compuesta por cuatro Ciclos de Grado Superior: Asistencia a la Direcci\u00f3n Administraci\u00f3n y finanzas Desarrollo de aplicaciones multiplataforma Desarrollo de aplicaciones web ASISTENCIA A LA DIRECCI\u00d3N\u00a0(1\u00ba Curso LOE &#8211; 2\u00ba Curso LOE) Duraci\u00f3n:\u00a02000 horas (1.590 horas de clase y 384 horas de pr\u00e1cticas en empresas y [&hellip;]<\/p>\n","protected":false},"author":3,"featured_media":0,"parent":0,"menu_order":0,"comment_status":"open","ping_status":"open","template":"","meta":{"_monsterinsights_skip_tracking":false,"_monsterinsights_sitenote_active":false,"_monsterinsights_sitenote_note":"","_monsterinsights_sitenote_category":0,"footnotes":""},"class_list":["post-162","page","type-page","status-publish","hentry"],"_links":{"self":[{"href":"https:\/\/cpr.staging.afundacion.org\/inicio\/wp-json\/wp\/v2\/pages\/162","targetHints":{"allow":["GET"]}}],"collection":[{"href":"https:\/\/cpr.staging.afundacion.org\/inicio\/wp-json\/wp\/v2\/pages"}],"about":[{"href":"https:\/\/cpr.staging.afundacion.org\/inicio\/wp-json\/wp\/v2\/types\/page"}],"author":[{"embeddable":true,"href":"https:\/\/cpr.staging.afundacion.org\/inicio\/wp-json\/wp\/v2\/users\/3"}],"replies":[{"embeddable":true,"href":"https:\/\/cpr.staging.afundacion.org\/inicio\/wp-json\/wp\/v2\/comments?post=162"}],"version-history":[{"count":39,"href":"https:\/\/cpr.staging.afundacion.org\/inicio\/wp-json\/wp\/v2\/pages\/162\/revisions"}],"predecessor-version":[{"id":2341,"href":"https:\/\/cpr.staging.afundacion.org\/inicio\/wp-json\/wp\/v2\/pages\/162\/revisions\/2341"}],"wp:attachment":[{"href":"https:\/\/cpr.staging.afundacion.org\/inicio\/wp-json\/wp\/v2\/media?parent=162"}],"curies":[{"name":"wp","href":"https:\/\/api.w.org\/{rel}","templated":true}]}}